{"id":3528,"date":"2023-07-23T16:59:44","date_gmt":"2023-07-23T13:59:44","guid":{"rendered":"http:\/\/alsel.net\/index.php\/product\/aluminyum-3-gozlu-kare-kapak\/"},"modified":"2023-07-23T16:59:45","modified_gmt":"2023-07-23T13:59:45","slug":"aluminyum-3-gozlu-kare-kapak","status":"publish","type":"product","link":"https:\/\/alsel.net\/tr\/product\/aluminyum-3-gozlu-kare-kapak\/","title":{"rendered":"Al\u00fcminyum 3 G\u00f6zl\u00fc Kare Kapak"},"content":{"rendered":"","protected":false},"excerpt":{"rendered":"","protected":false},"featured_media":3194,"comment_status":"closed","ping_status":"open","template":"","meta":[],"product_cat":[67],"product_tag":[],"class_list":["post-3528","product","type-product","status-publish","has-post-thumbnail","hentry","product_cat-aluminyum-kaplar-kapaklar"],"_links":{"self":[{"href":"https:\/\/alsel.net\/tr\/wp-json\/wp\/v2\/product\/3528","targetHints":{"allow":["GET"]}}],"collection":[{"href":"https:\/\/alsel.net\/tr\/wp-json\/wp\/v2\/product"}],"about":[{"href":"https:\/\/alsel.net\/tr\/wp-json\/wp\/v2\/types\/product"}],"replies":[{"embeddable":true,"href":"https:\/\/alsel.net\/tr\/wp-json\/wp\/v2\/comments?post=3528"}],"wp:featuredmedia":[{"embeddable":true,"href":"https:\/\/alsel.net\/tr\/wp-json\/wp\/v2\/media\/3194"}],"wp:attachment":[{"href":"https:\/\/alsel.net\/tr\/wp-json\/wp\/v2\/media?parent=3528"}],"wp:term":[{"taxonomy":"product_cat","embeddable":true,"href":"https:\/\/alsel.net\/tr\/wp-json\/wp\/v2\/product_cat?post=3528"},{"taxonomy":"product_tag","embeddable":true,"href":"https:\/\/alsel.net\/tr\/wp-json\/wp\/v2\/product_tag?post=3528"}],"curies":[{"name":"wp","href":"https:\/\/api.w.org\/{rel}","templated":true}]}}