{"id":3567,"date":"2023-07-23T16:59:49","date_gmt":"2023-07-23T13:59:49","guid":{"rendered":"http:\/\/alsel.net\/index.php\/product\/cop-poseti-siyah-jumbo-80x100-500-gr\/"},"modified":"2023-11-19T13:14:27","modified_gmt":"2023-11-19T10:14:27","slug":"cop-poseti-siyah-jumbo-80x100-500-gr","status":"publish","type":"product","link":"https:\/\/alsel.net\/tr\/product\/cop-poseti-siyah-jumbo-80x100-500-gr\/","title":{"rendered":"\u00c7\u00f6p Po\u015feti Siyah Jumbo 80X100 500 Gr"},"content":{"rendered":"","protected":false},"excerpt":{"rendered":"","protected":false},"featured_media":3247,"comment_status":"closed","ping_status":"closed","template":"","meta":[],"product_cat":[69],"product_tag":[],"class_list":["post-3567","product","type-product","status-publish","has-post-thumbnail","hentry","product_cat-cop-torbasi"],"_links":{"self":[{"href":"https:\/\/alsel.net\/tr\/wp-json\/wp\/v2\/product\/3567","targetHints":{"allow":["GET"]}}],"collection":[{"href":"https:\/\/alsel.net\/tr\/wp-json\/wp\/v2\/product"}],"about":[{"href":"https:\/\/alsel.net\/tr\/wp-json\/wp\/v2\/types\/product"}],"replies":[{"embeddable":true,"href":"https:\/\/alsel.net\/tr\/wp-json\/wp\/v2\/comments?post=3567"}],"wp:featuredmedia":[{"embeddable":true,"href":"https:\/\/alsel.net\/tr\/wp-json\/wp\/v2\/media\/3247"}],"wp:attachment":[{"href":"https:\/\/alsel.net\/tr\/wp-json\/wp\/v2\/media?parent=3567"}],"wp:term":[{"taxonomy":"product_cat","embeddable":true,"href":"https:\/\/alsel.net\/tr\/wp-json\/wp\/v2\/product_cat?post=3567"},{"taxonomy":"product_tag","embeddable":true,"href":"https:\/\/alsel.net\/tr\/wp-json\/wp\/v2\/product_tag?post=3567"}],"curies":[{"name":"wp","href":"https:\/\/api.w.org\/{rel}","templated":true}]}}