{"id":3625,"date":"2023-07-23T16:59:59","date_gmt":"2023-07-23T13:59:59","guid":{"rendered":"http:\/\/alsel.net\/index.php\/product\/plastik-luks-kasik\/"},"modified":"2023-07-23T17:00:00","modified_gmt":"2023-07-23T14:00:00","slug":"plastik-luks-kasik","status":"publish","type":"product","link":"https:\/\/alsel.net\/tr\/product\/plastik-luks-kasik\/","title":{"rendered":"Plastik L\u00fcks Ka\u015f\u0131k"},"content":{"rendered":"","protected":false},"excerpt":{"rendered":"","protected":false},"featured_media":3292,"comment_status":"closed","ping_status":"open","template":"","meta":[],"product_cat":[74],"product_tag":[],"class_list":["post-3625","product","type-product","status-publish","has-post-thumbnail","hentry","product_cat-plastik-catal-kasik-bicak"],"_links":{"self":[{"href":"https:\/\/alsel.net\/tr\/wp-json\/wp\/v2\/product\/3625","targetHints":{"allow":["GET"]}}],"collection":[{"href":"https:\/\/alsel.net\/tr\/wp-json\/wp\/v2\/product"}],"about":[{"href":"https:\/\/alsel.net\/tr\/wp-json\/wp\/v2\/types\/product"}],"replies":[{"embeddable":true,"href":"https:\/\/alsel.net\/tr\/wp-json\/wp\/v2\/comments?post=3625"}],"wp:featuredmedia":[{"embeddable":true,"href":"https:\/\/alsel.net\/tr\/wp-json\/wp\/v2\/media\/3292"}],"wp:attachment":[{"href":"https:\/\/alsel.net\/tr\/wp-json\/wp\/v2\/media?parent=3625"}],"wp:term":[{"taxonomy":"product_cat","embeddable":true,"href":"https:\/\/alsel.net\/tr\/wp-json\/wp\/v2\/product_cat?post=3625"},{"taxonomy":"product_tag","embeddable":true,"href":"https:\/\/alsel.net\/tr\/wp-json\/wp\/v2\/product_tag?post=3625"}],"curies":[{"name":"wp","href":"https:\/\/api.w.org\/{rel}","templated":true}]}}