{"id":3638,"date":"2023-07-23T17:00:06","date_gmt":"2023-07-23T14:00:06","guid":{"rendered":"http:\/\/alsel.net\/index.php\/product\/rulo-poset-kucuk-boy\/"},"modified":"2023-11-19T12:58:33","modified_gmt":"2023-11-19T09:58:33","slug":"rulo-poset-kucuk-boy","status":"publish","type":"product","link":"https:\/\/alsel.net\/tr\/product\/rulo-poset-kucuk-boy\/","title":{"rendered":"Rulo Po\u015fet K\u00fc\u00e7\u00fck Boy"},"content":{"rendered":"","protected":false},"excerpt":{"rendered":"","protected":false},"featured_media":3314,"comment_status":"closed","ping_status":"closed","template":"","meta":[],"product_cat":[77],"product_tag":[],"class_list":["post-3638","product","type-product","status-publish","has-post-thumbnail","hentry","product_cat-rulo-poset"],"_links":{"self":[{"href":"https:\/\/alsel.net\/tr\/wp-json\/wp\/v2\/product\/3638","targetHints":{"allow":["GET"]}}],"collection":[{"href":"https:\/\/alsel.net\/tr\/wp-json\/wp\/v2\/product"}],"about":[{"href":"https:\/\/alsel.net\/tr\/wp-json\/wp\/v2\/types\/product"}],"replies":[{"embeddable":true,"href":"https:\/\/alsel.net\/tr\/wp-json\/wp\/v2\/comments?post=3638"}],"wp:featuredmedia":[{"embeddable":true,"href":"https:\/\/alsel.net\/tr\/wp-json\/wp\/v2\/media\/3314"}],"wp:attachment":[{"href":"https:\/\/alsel.net\/tr\/wp-json\/wp\/v2\/media?parent=3638"}],"wp:term":[{"taxonomy":"product_cat","embeddable":true,"href":"https:\/\/alsel.net\/tr\/wp-json\/wp\/v2\/product_cat?post=3638"},{"taxonomy":"product_tag","embeddable":true,"href":"https:\/\/alsel.net\/tr\/wp-json\/wp\/v2\/product_tag?post=3638"}],"curies":[{"name":"wp","href":"https:\/\/api.w.org\/{rel}","templated":true}]}}